{"id":2723,"date":"2018-01-08T11:10:02","date_gmt":"2018-01-08T11:10:02","guid":{"rendered":"https:\/\/demenagement-rapide.com\/nous-joindre\/"},"modified":"2024-03-01T16:23:40","modified_gmt":"2024-03-01T16:23:40","slug":"contact-us","status":"publish","type":"page","link":"https:\/\/demenagement-rapide.com\/en\/contact-us\/","title":{"rendered":"Contact Us"},"content":{"rendered":"<div class=\"wpb-content-wrapper\"><p>[vc_row full_width=&#8221;stretch_row&#8221; css=&#8221;.vc_custom_1587124604853{margin-bottom: 0px !important;}&#8221; custom_css_code=&#8221;LnF1aWNrZmluZGVyLWl0ZW0lMjAucXVpY2tmaW5kZXItaXRlbS10aXRsZSU3QiUwQSUyMCUyMCUyMCUyMGZvbnQtc2l6ZSUzQSUyMDE5cHglM0IlMEElN0QlMEEudmNfc2VwX3dpZHRoXzEwMCUyQyUwQS52Y19zZXBhcmF0b3IlMjAudmNfc2VwX2hvbGRlciU3QiUwQSUyMCUyMCUyMCUyMHdpZHRoJTNBJTIwNDRweCUzQiUwQSUyMCUyMCUyMCUyMHBhZGRpbmctbGVmdCUzQSUyMDAlM0IlMEElMjAlMjAlMjAlMjBwYWRkaW5nLXJpZ2h0JTNBJTIwMCUzQiUwQSU3RA==&#8221;][vc_column css=&#8221;.vc_custom_1513258588292{margin-top: 0px !important;margin-bottom: 0px !important;padding-top: 0px !important;padding-bottom: 0px !important;}&#8221;]<div id=\"fullwidth-block-69e302858724c\" class=\"fullwidth-block fullwidth-block-parallax-vertical clearfix\" data-mobile-parallax-enable=\"0\" style=\"\"><script type=\"text\/javascript\">if (typeof(gem_fix_fullwidth_position) == \"function\") { gem_fix_fullwidth_position(document.getElementById(\"fullwidth-block-69e302858724c\")); }<\/script><div class=\"fullwidth-block-background\" style=\"background-image: url(https:\/\/demenagement-rapide.com\/wp-content\/uploads\/2024\/02\/AdobeStock_365229765-scaled.jpeg);background-repeat: no-repeat; background-size: cover;background-position: center top;\"><\/div><div class=\"fullwidth-block-parallax-overlay\" style=\"background-color: rgba(0,0,0,0.5);\"><\/div><div class=\"fullwidth-block-inner\"><div class=\"container\"><div class=\"clearboth\"><\/div><style>#thegem-divider-69e3028587322 {margin-top: 120px !important;}<\/style><div id=\"thegem-divider-69e3028587322\" class=\"gem-divider  \" style=\"\" ><\/div>[vc_column_text css_animation=&#8221;bottom-to-top&#8221; css=&#8221;.vc_custom_1709222804034{margin-bottom: 5px !important;}&#8221;]<\/p>\n<div class=\"title-h5\" style=\"text-align: center;\"><span class=\"light\" style=\"color: #ffffff;\">NEED INFORMATION?<\/span><\/div>\n<p>[\/vc_column_text][vc_column_text css_animation=&#8221;bottom-to-top&#8221;]<\/p>\n<div class=\"title-h2\" style=\"text-align: center;\"><span style=\"color: #ffffff;\">CONTACT US!<\/span><\/div>\n<p>[\/vc_column_text][vc_separator color=&#8221;custom&#8221; border_width=&#8221;2&#8243; css=&#8221;.vc_custom_1707868420971{margin-top: 25px !important;}&#8221; accent_color=&#8221;#bc3939&#8243;]<div class=\"clearboth\"><\/div><style>#thegem-divider-69e3028587373 {margin-top: 25px !important;}<\/style><div id=\"thegem-divider-69e3028587373\" class=\"gem-divider  \" style=\"\" ><\/div><div class=\"quickfinder quickfinder-style-iconed row inline-row quickfinder-icon-position-top quickfinder-alignment-center quickfinder-title-bold\" data-hover-title-color=\"#bc3939\" data-hover-description-color=\"#ffffff\"><div id=\"post-2811\" data-ll-finish-delay=\"200\" class=\"quickfinder-item inline-column col-md-4 col-sm-6 col-xs-12 quickfinder-item-effect-background-reverse icon-size-small quickfinder-box-style-soft-outlined lazy-loading post-2811 thegem_qf_item type-thegem_qf_item status-publish\" data-ll-item-delay=\"0\"> <div class=\"quickfinder-item-box\" style=\"background-color: rgba(0,0,0,0.76);border-color: rgba(0,0,0,0.01);\"> <div class=\"quickfinder-item-inner\"> <div class=\"quickfinder-item-image\"> <div class=\"quickfinder-item-image-content lazy-loading-item\" data-ll-item-delay=\"0\" data-ll-effect=\"clip\"> <div class=\"quickfinder-item-image-wrapper\"> <div class=\"gem-icon gem-icon-pack-material gem-icon-size-small gem-icon-shape-circle \" style=\"border-color: #bc3939;opacity: 1;\"><div class=\"gem-icon-inner\" style=\"background-color: #bc3939;\"><span class=\"gem-icon-half-1\" style=\"color: #fff;\"><span class=\"back-angle\">&#xf477;<\/span><\/span><span class=\"gem-icon-half-2\" style=\"color: #fff;\"><span class=\"back-angle\">&#xf477;<\/span><\/span><\/div><\/div> <\/div> <\/div> <\/div> <div class=\"quickfinder-item-info-wrapper\"> <div class=\"quickfinder-item-info lazy-loading-item\" data-ll-item-delay=\"200\" data-ll-effect=\"fading\"> <div class=\"quickfinder-item-title\" style=\"color: #fff;\">CONTACT DETAILS<\/div> <div class=\"quickfinder-item-text\" style=\"color: #a5a5a5;\">Phone: +1 514-365-4434<\/div> <\/div> <\/div> <\/div> <\/div> <a href=\"tel:5143654434\" target=\"_self\" class=\"quickfinder-item-link\" aria-label=\"CONTACT DETAILS\"><\/a> <\/div> <div id=\"post-2812\" data-ll-finish-delay=\"200\" class=\"quickfinder-item inline-column col-md-4 col-sm-6 col-xs-12 quickfinder-item-effect-background-reverse icon-size-small quickfinder-box-style-soft-outlined lazy-loading post-2812 thegem_qf_item type-thegem_qf_item status-publish\" data-ll-item-delay=\"0\"> <div class=\"quickfinder-item-box\" style=\"background-color: rgba(0,0,0,0.76);border-color: rgba(0,0,0,0.01);\"> <div class=\"quickfinder-item-inner\"> <div class=\"quickfinder-item-image\"> <div class=\"quickfinder-item-image-content lazy-loading-item\" data-ll-item-delay=\"0\" data-ll-effect=\"clip\"> <div class=\"quickfinder-item-image-wrapper\"> <div class=\"gem-icon gem-icon-pack-material gem-icon-size-small gem-icon-shape-circle \" style=\"border-color: #bc3939;opacity: 1;\"><div class=\"gem-icon-inner\" style=\"background-color: #bc3939;\"><span class=\"gem-icon-half-1\" style=\"color: #fff;\"><span class=\"back-angle\">&#xf221;<\/span><\/span><span class=\"gem-icon-half-2\" style=\"color: #fff;\"><span class=\"back-angle\">&#xf221;<\/span><\/span><\/div><\/div> <\/div> <\/div> <\/div> <div class=\"quickfinder-item-info-wrapper\"> <div class=\"quickfinder-item-info lazy-loading-item\" data-ll-item-delay=\"200\" data-ll-effect=\"fading\"> <div class=\"quickfinder-item-title\" style=\"color: #fff;\">BUSINESS HOURS<\/div> <div class=\"quickfinder-item-text\" style=\"color: #a5a5a5;\">Every day from 8:00 AM to 5:00 PM<\/div> <\/div> <\/div> <\/div> <\/div> <a href=\"https:\/\/maps.app.goo.gl\/QFS2vKtFb8tYiTwU7\" target=\"_self\" class=\"quickfinder-item-link\" aria-label=\"BUSINESS HOURS\"><\/a> <\/div> <div id=\"post-2813\" data-ll-finish-delay=\"200\" class=\"quickfinder-item inline-column col-md-4 col-sm-6 col-xs-12 quickfinder-item-effect-background-reverse icon-size-small quickfinder-box-style-soft-outlined lazy-loading post-2813 thegem_qf_item type-thegem_qf_item status-publish\" data-ll-item-delay=\"0\"> <div class=\"quickfinder-item-box\" style=\"background-color: rgba(0,0,0,0.76);border-color: rgba(0,0,0,0.01);\"> <div class=\"quickfinder-item-inner\"> <div class=\"quickfinder-item-image\"> <div class=\"quickfinder-item-image-content lazy-loading-item\" data-ll-item-delay=\"0\" data-ll-effect=\"clip\"> <div class=\"quickfinder-item-image-wrapper\"> <div class=\"gem-icon gem-icon-pack-material gem-icon-size-small gem-icon-shape-circle \" style=\"border-color: #bc3939;opacity: 1;\"><div class=\"gem-icon-inner\" style=\"background-color: #bc3939;\"><span class=\"gem-icon-half-1\" style=\"color: #fff;\"><span class=\"back-angle\">&#xf3e4;<\/span><\/span><span class=\"gem-icon-half-2\" style=\"color: #fff;\"><span class=\"back-angle\">&#xf3e4;<\/span><\/span><\/div><\/div> <\/div> <\/div> <\/div> <div class=\"quickfinder-item-info-wrapper\"> <div class=\"quickfinder-item-info lazy-loading-item\" data-ll-item-delay=\"200\" data-ll-effect=\"fading\"> <div class=\"quickfinder-item-title\" style=\"color: #fff;\">ADDRESS<\/div> <div class=\"quickfinder-item-text\" style=\"color: #a5a5a5;\">2555 Av Dollard<br \/>\nLaSalle, QC H8N 3A9<br \/>\nCanada<\/div> <\/div> <\/div> <\/div> <\/div> <a href=\"https:\/\/maps.app.goo.gl\/QFS2vKtFb8tYiTwU7\" target=\"_blank\" class=\"quickfinder-item-link\" aria-label=\"ADDRESS\"><\/a> <\/div> <\/div><div class=\"clearboth\"><\/div><style>#thegem-divider-69e302858a6ee {margin-top: 75px !important;}<\/style><div id=\"thegem-divider-69e302858a6ee\" class=\"gem-divider  \" style=\"\" ><\/div><div class=\"clearboth\"><\/div><style>#thegem-divider-69e302858a742 {margin-top: 75px !important;}<\/style><div id=\"thegem-divider-69e302858a742\" class=\"gem-divider  \" style=\"\" ><\/div><\/div><\/div><\/div>[\/vc_column][\/vc_row][vc_row full_width=&#8221;stretch_row_content_no_spaces&#8221; css=&#8221;.vc_custom_1587124621213{margin-bottom: 0px !important;background-color: #2c2e3d !important;}&#8221;][vc_column css=&#8221;.vc_custom_1513247575000{margin-top: 0px !important;margin-bottom: 0px !important;padding-top: 0px !important;padding-bottom: 0px !important;}&#8221;]<div class=\"gem-map-with-text\"><div class=\"gem-map-with-text-content\" style=\"\"><\/div><div class=\"gem-map-with-text-map grayscale\">[vc_gmaps link=\"#E-8_JTNDaWZyYW1lJTIwc3JjJTNEJTIyaHR0cHMlM0ElMkYlMkZ3d3cuZ29vZ2xlLmNvbSUyRm1hcHMlMkZlbWJlZCUzRnBiJTNEJTIxMW0xOCUyMTFtMTIlMjExbTMlMjExZDI3OTkuNjYxMTAxOTc3NTgzJTIxMmQtNzMuNjQ0MDQzMjIyNzM5NzMlMjEzZDQ1LjQzNjMzMjUzNTI5NjIxNiUyMTJtMyUyMTFmMCUyMTJmMCUyMTNmMCUyMTNtMiUyMTFpMTAyNCUyMTJpNzY4JTIxNGYxMy4xJTIxM20zJTIxMW0yJTIxMXMweDRjYzkxMTMzYWYxNjJjZDMlMjUzQTB4ZDAxZTM5YmRlZTIwODcxNSUyMTJzRCUyNUMzJTI1QTltJTI1QzMlMjVBOW5hZ2VtZW50cyUyNTIwUmFwaWRlcyUyMTVlMCUyMTNtMiUyMTFzZnIlMjEyc2NhJTIxNHYxNzA3NDE0NzY3NjQ2JTIxNW0yJTIxMXNmciUyMTJzY2ElMjIlMjB3aWR0aCUzRCUyMjYwMCUyMiUyMGhlaWdodCUzRCUyMjQ1MCUyMiUyMHN0eWxlJTNEJTIyYm9yZGVyJTNBMCUzQiUyMiUyMGFsbG93ZnVsbHNjcmVlbiUzRCUyMiUyMiUyMGxvYWRpbmclM0QlMjJsYXp5JTIyJTIwcmVmZXJyZXJwb2xpY3klM0QlMjJuby1yZWZlcnJlci13aGVuLWRvd25ncmFkZSUyMiUzRSUzQyUyRmlmcmFtZSUzRQ==\" size=\"560\" disable_scroll=\"\" hide_title=\"1\"]<\/div><\/div>[\/vc_column][\/vc_row][vc_row full_width=&#8221;stretch_row&#8221; css=&#8221;.vc_custom_1707415991496{margin-bottom: 0px !important;background-color: #bc3939 !important;}&#8221;][vc_column]<div class=\"clearboth\"><\/div><style>#thegem-divider-69e302858a7fe {margin-top: 90px !important;}<\/style><div id=\"thegem-divider-69e302858a7fe\" class=\"gem-divider  \" style=\"\" ><\/div>[vc_column_text]<\/p>\n<div class=\"title-h3\" style=\"text-align: center;\"><span style=\"color: #ffffff;\">URGENT MOVE OR NEED ADVICE?<\/span><\/div>\n<p>[\/vc_column_text]<div class=\"clearboth\"><\/div><style>#thegem-divider-69e302858a843 {margin-top: 35px !important;}<\/style><div id=\"thegem-divider-69e302858a843\" class=\"gem-divider  \" style=\"\" ><\/div>[vc_column_text]<\/p>\n<div style=\"text-align: center;\">\n<div style=\"display: inline-block; border: 7px solid #fff; padding: 10px 20px;\">\n<div class=\"title-h3 call24\" style=\"display: inline-block; vertical-align: middle; line-height: 36px;\"><span style=\"color: #ffffff;\">24\/7<\/span><\/div>\n<div class=\"title-h1 title-xlarge\" style=\"display: inline-block; margin: 0; vertical-align: middle; letter-spacing: 6px;\"><a href=\"tel:5143654434\"><span style=\"color: #ffffff;\">514-365-4434<\/span><\/a><\/div>\n<\/div>\n<\/div>\n<p>[\/vc_column_text]<div class=\"clearboth\"><\/div><style>#thegem-divider-69e302858a878 {margin-top: 140px !important;}<\/style><div id=\"thegem-divider-69e302858a878\" class=\"gem-divider  \" style=\"\" ><\/div>[\/vc_column][\/vc_row][vc_row equal_height=&#8221;yes&#8221;][vc_column css=&#8221;.vc_custom_1543576758935{padding-top: 0px !important;}&#8221;]<div class=\"clearboth\"><\/div><style>#thegem-divider-69e302858a8b6 {margin-top: 140px !important;}<\/style><div id=\"thegem-divider-69e302858a8b6\" class=\"gem-divider  \" style=\"\" ><\/div>[vc_column_text]<\/p>\n<div class=\"title-h6\" style=\"text-align: center;\"><span style=\"color: #2c2e3d;\">HAVE QUESTIONS?<\/span><\/div>\n<p>[\/vc_column_text][vc_column_text]<\/p>\n<div class=\"title-h1\" style=\"text-align: center;\">\n<p>SEND US A MESSAGE!<\/p>\n<\/div>\n<p>[\/vc_column_text]<div class=\"clearboth\"><\/div><style>#thegem-divider-69e302858a8eb {margin-top: 80px !important;}<\/style><div id=\"thegem-divider-69e302858a8eb\" class=\"gem-divider  \" style=\"\" ><\/div>\n<div class=\"wpcf7 no-js\" id=\"wpcf7-f2898-o1\" lang=\"en-US\" dir=\"ltr\" data-wpcf7-id=\"2898\">\n<div class=\"screen-reader-response\"><p role=\"status\" aria-live=\"polite\" aria-atomic=\"true\"><\/p> <ul><\/ul><\/div>\n<form action=\"\/en\/wp-json\/wp\/v2\/pages\/2723#wpcf7-f2898-o1\" method=\"post\" class=\"wpcf7-form init gem-contact-form-white\" aria-label=\"Contact form\" novalidate=\"novalidate\" data-status=\"init\">\n<fieldset class=\"hidden-fields-container\"><legend class=\"screen-reader-text\">Hidden fields<\/legend><input type=\"hidden\" name=\"_wpcf7\" value=\"2898\" \/><input type=\"hidden\" name=\"_wpcf7_version\" value=\"6.1.4\" \/><input type=\"hidden\" name=\"_wpcf7_locale\" value=\"en_US\" \/><input type=\"hidden\" name=\"_wpcf7_unit_tag\" value=\"wpcf7-f2898-o1\" \/><input type=\"hidden\" name=\"_wpcf7_container_post\" value=\"0\" \/><input type=\"hidden\" name=\"_wpcf7_posted_data_hash\" value=\"\" \/><input type=\"hidden\" name=\"_wpcf7_recaptcha_response\" value=\"\" \/>\n<\/fieldset>\n<label> Name\n    <span class=\"wpcf7-form-control-wrap\" data-name=\"your-name\"><input size=\"40\" maxlength=\"400\" class=\"wpcf7-form-control wpcf7-text wpcf7-validates-as-required\" autocomplete=\"name\" aria-required=\"true\" aria-invalid=\"false\" value=\"\" type=\"text\" name=\"your-name\" \/><\/span> <\/label>\n\n<label> Email\n    <span class=\"wpcf7-form-control-wrap\" data-name=\"your-email\"><input size=\"40\" maxlength=\"400\" class=\"wpcf7-form-control wpcf7-email wpcf7-validates-as-required wpcf7-text wpcf7-validates-as-email\" autocomplete=\"email\" aria-required=\"true\" aria-invalid=\"false\" value=\"\" type=\"email\" name=\"your-email\" \/><\/span> <\/label>\n\n<label> Subject\n    <span class=\"wpcf7-form-control-wrap\" data-name=\"your-subject\"><input size=\"40\" maxlength=\"400\" class=\"wpcf7-form-control wpcf7-text wpcf7-validates-as-required\" aria-required=\"true\" aria-invalid=\"false\" value=\"\" type=\"text\" name=\"your-subject\" \/><\/span> <\/label>\n\n<label> Message\n    <span class=\"wpcf7-form-control-wrap\" data-name=\"your-message\"><textarea cols=\"40\" rows=\"10\" maxlength=\"2000\" class=\"wpcf7-form-control wpcf7-textarea\" aria-invalid=\"false\" name=\"your-message\"><\/textarea><\/span> <\/label>\n\n<style type=\"text\/css\">.thegem-button-69e302858bc70145 .gem-button svg {fill: #fff;}.thegem-button-69e302858bc70145 .gem-button:hover svg {fill: #fff;}<\/style><div class=\"gem-button-container gem-button-position-center thegem-button-69e302858bc70145\"  ><input class=\"gem-button gem-button-size-medium gem-button-style-flat gem-button-text-weight-normal wpcf7-form-control wpcf7-submit has-spinner gem-button-wpcf-custom\" data-ll-effect=\"drop-right-without-wrap\" style=\"border-radius: 3px;background-color: #BC3939FF;color: #fff;\" onmouseleave=\"this.style.backgroundColor='#BC3939FF';this.style.color='#fff';\" onmouseenter=\"this.style.backgroundColor='#BC3939FF';this.style.color='#fff';\" id=\"\" tabindex=\"\" type=\"submit\" value=\"SEND\" \/><\/div> <div class=\"wpcf7-response-output\" aria-hidden=\"true\"><\/div>\n<\/form>\n<\/div>\n[\/vc_column][\/vc_row]<\/p>\n<\/div>","protected":false},"excerpt":{"rendered":"<p>[vc_row full_width=&#8221;stretch_row&#8221; css=&#8221;.vc_custom_1587124604853{margin-bottom: 0px !important;}&#8221; custom_css_code=&#8221;LnF1aWNrZmluZGVyLWl0ZW0lMjAucXVpY2tmaW5kZXItaXRlbS10aXRsZSU3QiUwQSUyMCUyMCUyMCUyMGZvbnQtc2l6ZSUzQSUyMDE5cHglM0IlMEElN0QlMEEudmNfc2VwX3dpZHRoXzEwMCUyQyUwQS52Y19zZXBhcmF0b3IlMjAudmNfc2VwX2hvbGRlciU3QiUwQSUyMCUyMCUyMCUyMHdpZHRoJTNBJTIwNDRweCUzQiUwQSUyMCUyMCUyMCUyMHBhZGRpbmctbGVmdCUzQSUyMDAlM0IlMEElMjAlMjAlMjAlMjBwYWRkaW5nLXJpZ2h0JTNBJTIwMCUzQiUwQSU3RA==&#8221;][vc_column css=&#8221;.vc_custom_1513258588292{margin-top: 0px !important;margin-bottom: 0px !important;padding-top: 0px !important;padding-bottom: 0px !important;}&#8221;][\/vc_column][\/vc_row][vc_row full_width=&#8221;stretch_row_content_no_spaces&#8221; css=&#8221;.vc_custom_1587124621213{margin-bottom: 0px !important;background-color: #2c2e3d&#8230;<\/p>\n","protected":false},"author":1,"featured_media":0,"parent":0,"menu_order":0,"comment_status":"closed","ping_status":"closed","template":"","meta":{"footnotes":""},"class_list":["post-2723","page","type-page","status-publish"],"yoast_head":"<!-- This site is optimized with the Yoast SEO plugin v26.9 - https:\/\/yoast.com\/product\/yoast-seo-wordpress\/ -->\n<title>Contact Us - D\u00e9m\u00e9nagement rapide \u00e0 Montr\u00e9al, Laval et la Rive-Sud<\/title>\n<meta name=\"description\" content=\"Contact us now for all your inquiries, to request a free quote, or to receive assistance via phone or email. We&#039;re ready to assist you!\" \/>\n<meta name=\"robots\" content=\"index, follow, max-snippet:-1, max-image-preview:large, max-video-preview:-1\" \/>\n<link rel=\"canonical\" href=\"https:\/\/demenagement-rapide.com\/nous-joindre\/\" \/>\n<meta property=\"og:locale\" content=\"en_US\" \/>\n<meta property=\"og:type\" content=\"article\" \/>\n<meta property=\"og:title\" content=\"Contact Us - D\u00e9m\u00e9nagement rapide \u00e0 Montr\u00e9al, Laval et la Rive-Sud\" \/>\n<meta property=\"og:description\" content=\"Contact us now for all your inquiries, to request a free quote, or to receive assistance via phone or email. We&#039;re ready to assist you!\" \/>\n<meta property=\"og:url\" content=\"https:\/\/demenagement-rapide.com\/nous-joindre\/\" \/>\n<meta property=\"og:site_name\" content=\"D\u00e9m\u00e9nagement rapide \u00e0 Montr\u00e9al, Laval et la Rive-Sud\" \/>\n<meta property=\"article:publisher\" content=\"https:\/\/www.facebook.com\/demenagementsrapides\" \/>\n<meta property=\"article:modified_time\" content=\"2024-03-01T16:23:40+00:00\" \/>\n<meta name=\"twitter:card\" content=\"summary_large_image\" \/>\n<meta name=\"twitter:label1\" content=\"Est. reading time\" \/>\n\t<meta name=\"twitter:data1\" content=\"1 minute\" \/>\n<script type=\"application\/ld+json\" class=\"yoast-schema-graph\">{\"@context\":\"https:\/\/schema.org\",\"@graph\":[{\"@type\":\"WebPage\",\"@id\":\"https:\/\/demenagement-rapide.com\/nous-joindre\/\",\"url\":\"https:\/\/demenagement-rapide.com\/nous-joindre\/\",\"name\":\"Contact Us - D\u00e9m\u00e9nagement rapide \u00e0 Montr\u00e9al, Laval et la Rive-Sud\",\"isPartOf\":{\"@id\":\"https:\/\/demenagement-rapide.com\/#website\"},\"datePublished\":\"2018-01-08T11:10:02+00:00\",\"dateModified\":\"2024-03-01T16:23:40+00:00\",\"description\":\"Contact us now for all your inquiries, to request a free quote, or to receive assistance via phone or email. We're ready to assist you!\",\"breadcrumb\":{\"@id\":\"https:\/\/demenagement-rapide.com\/nous-joindre\/#breadcrumb\"},\"inLanguage\":\"en-US\",\"potentialAction\":[{\"@type\":\"ReadAction\",\"target\":[\"https:\/\/demenagement-rapide.com\/nous-joindre\/\"]}]},{\"@type\":\"BreadcrumbList\",\"@id\":\"https:\/\/demenagement-rapide.com\/nous-joindre\/#breadcrumb\",\"itemListElement\":[{\"@type\":\"ListItem\",\"position\":1,\"name\":\"Accueil\",\"item\":\"https:\/\/demenagement-rapide.com\/en\/\"},{\"@type\":\"ListItem\",\"position\":2,\"name\":\"Contact Us\"}]},{\"@type\":\"WebSite\",\"@id\":\"https:\/\/demenagement-rapide.com\/#website\",\"url\":\"https:\/\/demenagement-rapide.com\/\",\"name\":\"D\u00e9m\u00e9nagement rapide \u00e0 Montr\u00e9al, Laval et la Rive-Sud\",\"description\":\"D\u00e9m\u00e9nageurs rapides \u00e0 Montr\u00e9al, Laval et la Rive-Sud\",\"publisher\":{\"@id\":\"https:\/\/demenagement-rapide.com\/#organization\"},\"potentialAction\":[{\"@type\":\"SearchAction\",\"target\":{\"@type\":\"EntryPoint\",\"urlTemplate\":\"https:\/\/demenagement-rapide.com\/?s={search_term_string}\"},\"query-input\":{\"@type\":\"PropertyValueSpecification\",\"valueRequired\":true,\"valueName\":\"search_term_string\"}}],\"inLanguage\":\"en-US\"},{\"@type\":\"Organization\",\"@id\":\"https:\/\/demenagement-rapide.com\/#organization\",\"name\":\"D\u00e9m\u00e9nagement rapide \u00e0 Montr\u00e9al, Laval et la Rive-Sud\",\"url\":\"https:\/\/demenagement-rapide.com\/\",\"logo\":{\"@type\":\"ImageObject\",\"inLanguage\":\"en-US\",\"@id\":\"https:\/\/demenagement-rapide.com\/#\/schema\/logo\/image\/\",\"url\":\"https:\/\/demenagement-rapide.com\/wp-content\/uploads\/2024\/02\/gjfjgjg.png\",\"contentUrl\":\"https:\/\/demenagement-rapide.com\/wp-content\/uploads\/2024\/02\/gjfjgjg.png\",\"width\":2391,\"height\":450,\"caption\":\"D\u00e9m\u00e9nagement rapide \u00e0 Montr\u00e9al, Laval et la Rive-Sud\"},\"image\":{\"@id\":\"https:\/\/demenagement-rapide.com\/#\/schema\/logo\/image\/\"},\"sameAs\":[\"https:\/\/www.facebook.com\/demenagementsrapides\"]}]}<\/script>\n<!-- \/ Yoast SEO plugin. -->","yoast_head_json":{"title":"Contact Us - D\u00e9m\u00e9nagement rapide \u00e0 Montr\u00e9al, Laval et la Rive-Sud","description":"Contact us now for all your inquiries, to request a free quote, or to receive assistance via phone or email. We're ready to assist you!","robots":{"index":"index","follow":"follow","max-snippet":"max-snippet:-1","max-image-preview":"max-image-preview:large","max-video-preview":"max-video-preview:-1"},"canonical":"https:\/\/demenagement-rapide.com\/nous-joindre\/","og_locale":"en_US","og_type":"article","og_title":"Contact Us - D\u00e9m\u00e9nagement rapide \u00e0 Montr\u00e9al, Laval et la Rive-Sud","og_description":"Contact us now for all your inquiries, to request a free quote, or to receive assistance via phone or email. We're ready to assist you!","og_url":"https:\/\/demenagement-rapide.com\/nous-joindre\/","og_site_name":"D\u00e9m\u00e9nagement rapide \u00e0 Montr\u00e9al, Laval et la Rive-Sud","article_publisher":"https:\/\/www.facebook.com\/demenagementsrapides","article_modified_time":"2024-03-01T16:23:40+00:00","twitter_card":"summary_large_image","twitter_misc":{"Est. reading time":"1 minute"},"schema":{"@context":"https:\/\/schema.org","@graph":[{"@type":"WebPage","@id":"https:\/\/demenagement-rapide.com\/nous-joindre\/","url":"https:\/\/demenagement-rapide.com\/nous-joindre\/","name":"Contact Us - D\u00e9m\u00e9nagement rapide \u00e0 Montr\u00e9al, Laval et la Rive-Sud","isPartOf":{"@id":"https:\/\/demenagement-rapide.com\/#website"},"datePublished":"2018-01-08T11:10:02+00:00","dateModified":"2024-03-01T16:23:40+00:00","description":"Contact us now for all your inquiries, to request a free quote, or to receive assistance via phone or email. We're ready to assist you!","breadcrumb":{"@id":"https:\/\/demenagement-rapide.com\/nous-joindre\/#breadcrumb"},"inLanguage":"en-US","potentialAction":[{"@type":"ReadAction","target":["https:\/\/demenagement-rapide.com\/nous-joindre\/"]}]},{"@type":"BreadcrumbList","@id":"https:\/\/demenagement-rapide.com\/nous-joindre\/#breadcrumb","itemListElement":[{"@type":"ListItem","position":1,"name":"Accueil","item":"https:\/\/demenagement-rapide.com\/en\/"},{"@type":"ListItem","position":2,"name":"Contact Us"}]},{"@type":"WebSite","@id":"https:\/\/demenagement-rapide.com\/#website","url":"https:\/\/demenagement-rapide.com\/","name":"D\u00e9m\u00e9nagement rapide \u00e0 Montr\u00e9al, Laval et la Rive-Sud","description":"D\u00e9m\u00e9nageurs rapides \u00e0 Montr\u00e9al, Laval et la Rive-Sud","publisher":{"@id":"https:\/\/demenagement-rapide.com\/#organization"},"potentialAction":[{"@type":"SearchAction","target":{"@type":"EntryPoint","urlTemplate":"https:\/\/demenagement-rapide.com\/?s={search_term_string}"},"query-input":{"@type":"PropertyValueSpecification","valueRequired":true,"valueName":"search_term_string"}}],"inLanguage":"en-US"},{"@type":"Organization","@id":"https:\/\/demenagement-rapide.com\/#organization","name":"D\u00e9m\u00e9nagement rapide \u00e0 Montr\u00e9al, Laval et la Rive-Sud","url":"https:\/\/demenagement-rapide.com\/","logo":{"@type":"ImageObject","inLanguage":"en-US","@id":"https:\/\/demenagement-rapide.com\/#\/schema\/logo\/image\/","url":"https:\/\/demenagement-rapide.com\/wp-content\/uploads\/2024\/02\/gjfjgjg.png","contentUrl":"https:\/\/demenagement-rapide.com\/wp-content\/uploads\/2024\/02\/gjfjgjg.png","width":2391,"height":450,"caption":"D\u00e9m\u00e9nagement rapide \u00e0 Montr\u00e9al, Laval et la Rive-Sud"},"image":{"@id":"https:\/\/demenagement-rapide.com\/#\/schema\/logo\/image\/"},"sameAs":["https:\/\/www.facebook.com\/demenagementsrapides"]}]}},"_links":{"self":[{"href":"https:\/\/demenagement-rapide.com\/en\/wp-json\/wp\/v2\/pages\/2723","targetHints":{"allow":["GET"]}}],"collection":[{"href":"https:\/\/demenagement-rapide.com\/en\/wp-json\/wp\/v2\/pages"}],"about":[{"href":"https:\/\/demenagement-rapide.com\/en\/wp-json\/wp\/v2\/types\/page"}],"author":[{"embeddable":true,"href":"https:\/\/demenagement-rapide.com\/en\/wp-json\/wp\/v2\/users\/1"}],"replies":[{"embeddable":true,"href":"https:\/\/demenagement-rapide.com\/en\/wp-json\/wp\/v2\/comments?post=2723"}],"version-history":[{"count":6,"href":"https:\/\/demenagement-rapide.com\/en\/wp-json\/wp\/v2\/pages\/2723\/revisions"}],"predecessor-version":[{"id":2869,"href":"https:\/\/demenagement-rapide.com\/en\/wp-json\/wp\/v2\/pages\/2723\/revisions\/2869"}],"wp:attachment":[{"href":"https:\/\/demenagement-rapide.com\/en\/wp-json\/wp\/v2\/media?parent=2723"}],"curies":[{"name":"wp","href":"https:\/\/api.w.org\/{rel}","templated":true}]}}